{"id":7119,"date":"2018-05-30T21:55:46","date_gmt":"2018-05-30T21:55:46","guid":{"rendered":"http:\/\/themeforest.unitedthemes.com\/wpversions\/brooklyn\/xml\/demo23\/contact-1-no-hero\/"},"modified":"2023-06-26T08:52:33","modified_gmt":"2023-06-26T08:52:33","slug":"contact-1-no-hero","status":"publish","type":"page","link":"https:\/\/bambamcreativesolutions.com\/?page_id=7119","title":{"rendered":"Contact 1 (no Hero)"},"content":{"rendered":"<p>[vc_section css=&#8221;.vc_custom_1527694031773{background-color: #fafafa !important;}&#8221;][vc_row][vc_column]<div class=\"wpb_content_element \"><style type=\"text\/css\">#ut_header_69e60f977aa6d h2.section-title { font-size:100px !important;line-height:100px !important;letter-spacing:-0.04em; }@media (min-width: 1025px) and (max-width: 1679px) {#ut_header_69e60f977aa6d h2.section-title { letter-spacing:-0.04em; }}@media (min-width: 768px) and (max-width: 1024px) {#ut_header_69e60f977aa6d h2.section-title { letter-spacing:-0.04em; }}@media (max-width: 767px) {#ut_header_69e60f977aa6d h2.section-title { letter-spacing:-0.04em; }}#ut_header_69e60f977aa6d .lead ins { color:#333333; }<\/style><header id=\"ut_header_69e60f977aa6d\" class=\"section-header  ut-no-title-linebreak-mobile ut-no-lead-linebreak-mobile pt-style-2 header-center header-tablet-center header-mobile-center element-with-custom-line-height\"><div class=\"element-with-custom-line-height\" ><h2 data-title=\"B\u0130ZE ULA\u015eIN.\"  data-responsive-font=\"section_title\" data-responsive-font-settings=\"{&quot;base-font-size&quot;:&quot;100&quot;,&quot;font-size-unit&quot;:&quot;px&quot;,&quot;font-size&quot;:{&quot;desktop_large&quot;:&quot;100&quot;},&quot;base-line-height&quot;:&quot;100&quot;,&quot;line-height-unit&quot;:&quot;px&quot;,&quot;line-height&quot;:{&quot;desktop_large&quot;:&quot;100&quot;},&quot;base-letter-spacing&quot;:&quot;-0.04&quot;,&quot;letter-spacing&quot;:{&quot;desktop_large&quot;:&quot;-0.04&quot;}}\" class=\"section-title  \"><span>B\u0130ZE ULA\u015eIN.<\/span><\/h2><\/div><div data-delay=\"0\" class=\"lead \"><p>Hizmetlerimiz hakk\u0131nda daha fazla bilgi almak i\u00e7in bizlerle ileti\u015fime ge\u00e7in.<\/p>\n<\/div><\/header><\/div>[\/vc_column][\/vc_row][\/vc_section][vc_section][vc_row equal_height=&#8221;yes&#8221; content_placement=&#8221;middle&#8221;][vc_column width=&#8221;1\/2&#8243;]<div id=\"ut_cf7_colors_69e60f977e51a\" class=\"wpb_content_element  \">\n<div class=\"wpcf7 no-js\" id=\"wpcf7-f5-o1\" lang=\"en-US\" dir=\"ltr\">\n<div class=\"screen-reader-response\"><p role=\"status\" aria-live=\"polite\" aria-atomic=\"true\"><\/p> <ul><\/ul><\/div>\n<form action=\"\/index.php?rest_route=%2Fwp%2Fv2%2Fpages%2F7119#wpcf7-f5-o1\" method=\"post\" class=\"wpcf7-form init\" aria-label=\"Contact form\" novalidate=\"novalidate\" data-status=\"init\">\n<div style=\"display: none;\">\n<input type=\"hidden\" name=\"_wpcf7\" value=\"5\" \/>\n<input type=\"hidden\" name=\"_wpcf7_version\" value=\"5.7.7\" \/>\n<input type=\"hidden\" name=\"_wpcf7_locale\" value=\"en_US\" \/>\n<input type=\"hidden\" name=\"_wpcf7_unit_tag\" value=\"wpcf7-f5-o1\" \/>\n<input type=\"hidden\" name=\"_wpcf7_container_post\" value=\"0\" \/>\n<input type=\"hidden\" name=\"_wpcf7_posted_data_hash\" value=\"\" \/>\n<\/div>\n<p><label> Ad\u0131n\u0131z (gerekli)<br \/>\n<span class=\"wpcf7-form-control-wrap\" data-name=\"your-name\"><input size=\"40\" class=\"wpcf7-form-control wpcf7-text wpcf7-validates-as-required\" aria-required=\"true\" aria-invalid=\"false\" value=\"\" type=\"text\" name=\"your-name\" \/><\/span> <\/label>\n<\/p>\n<p><label> Email Adresiniz (gerekli)<br \/>\n<span class=\"wpcf7-form-control-wrap\" data-name=\"your-email\"><input size=\"40\" class=\"wpcf7-form-control wpcf7-text wpcf7-email wpcf7-validates-as-required wpcf7-validates-as-email\" aria-required=\"true\" aria-invalid=\"false\" value=\"\" type=\"email\" name=\"your-email\" \/><\/span> <\/label>\n<\/p>\n<p><label> Konu<br \/>\n<span class=\"wpcf7-form-control-wrap\" data-name=\"your-subject\"><input size=\"40\" class=\"wpcf7-form-control wpcf7-text\" aria-invalid=\"false\" value=\"\" type=\"text\" name=\"your-subject\" \/><\/span> <\/label>\n<\/p>\n<p><label> Mesaj\u0131n\u0131z<br \/>\n[textarea Mesaj\u0131n\u0131z...] <\/label>\n<\/p>\n<p><input class=\"wpcf7-form-control has-spinner wpcf7-submit\" type=\"submit\" value=\"G\u00f6nder\" \/>\n<\/p><div class=\"wpcf7-response-output\" aria-hidden=\"true\"><\/div>\n<\/form>\n<\/div>\n<\/div>[\/vc_column][vc_column width=&#8221;1\/2&#8243;]<div class=\"wpb_content_element  vc_custom_1687769505540\"><style type=\"text\/css\">#ut_scv_69e60f97878a2 .ut-service-icon i { color: #FFF; }#ut_scv_69e60f97878a2 .ut-service-icon.ut-service-icon-round { background: rgba(41, 72, 255, 1); }#ut_scv_69e60f97878a2 .ut-service-icon.ut-service-icon-square { background: rgba(41, 72, 255, 1); }#ut_scv_69e60f97878a2 .ut-service-icon.ut-service-icon-rounded { background: rgba(41, 72, 255, 1); }#ut_scv_69e60f97878a2 .ut-service-column.ut-vertical h3 { font-size:18px !important;letter-spacing:-0.01em; }#ut_scv_69e60f97878a2 .ut-service-column.ut-vertical p { font-size:14px !important;line-height:28px !important; }#ut_scv_69e60f97878a2 .ut-service-column.ut-vertical p { margin-top: 10px; }#ut_scv_69e60f97878a2 .ut-service-column.ut-vertical a.ut-service-column-vertical-link { font-size: 12px; }<\/style><div id=\"ut_scv_69e60f97878a2\" class=\" clearfix  ut-vertical-style ut-vertical-style-align-center\" ><figure  class=\"ut-service-icon ut-service-icon-round ut-service-icon-large ut-service-icon-with-svg\">\t\t\t\r\n\t\t\t<style type=\"text\/css\">\r\n\t\t\t\t\r\n\t\t\t\t\t\t\t\t\r\n\t\t\t\t\t#ut-svg-69e60f9787a77 { display:none; }\r\n\t\t\t\t\t#ut-svg-69e60f9787a77.ut-svg-loaded { display:block; }\r\n\t\t\t\t\r\n\t\t\t\t\r\n\t\t\t\t#ut-svg-69e60f9787a77 path { stroke: #ffffff; }\r\n\t\t\t\t#ut-svg-69e60f9787a77 line { stroke: #ffffff; }\r\n\t\t\t\t#ut-svg-69e60f9787a77 circle { stroke: #ffffff; }\r\n\t\t\t\t#ut-svg-69e60f9787a77 rect { stroke: #ffffff; }\r\n\t\t\t\t#ut-svg-69e60f9787a77 ellipse { stroke: #ffffff; }\r\n\t\t\t\t#ut-svg-69e60f9787a77 polyline { stroke: #ffffff; }\r\n\t\t\t\t#ut-svg-69e60f9787a77 polygon { stroke: #ffffff; }\r\n\t\t\t\t\r\n\t\t\t\t#ut-svg-69e60f9787a77 [data-name=\"layer1\"] { stroke: #ffffff; }\r\n\t\t\t\t#ut-svg-69e60f9787a77 [data-name=\"layer1\"] path { stroke: #ffffff; }\r\n\t\t\t\t\r\n\t\t\t\t\t\t\t\t\t\t\t\t\r\n\t\t\t\t\t\t\t\t\r\n\r\n\t\t\t<\/style>\r\n\t\t\r\n\t\t\r\n\r\n<svg version=\"1.1\" class=\"ut-vivus-draw\" data-settings=\"{&quot;draw_svg_icons&quot;:&quot;yes&quot;,&quot;draw_svg_type&quot;:&quot;oneByOne&quot;,&quot;draw_svg_delay&quot;:&quot;0&quot;,&quot;draw_svg_duration&quot;:&quot;100&quot;}\" id=\"ut-svg-69e60f9787a77\" xmlns=\"http:\/\/www.w3.org\/2000\/svg\" xmlns:xlink=\"http:\/\/www.w3.org\/1999\/xlink\" x=\"0px\" y=\"0px\"\r\n\t width=\"64px\" height=\"64px\" viewBox=\"0 0 64 64\" enable-background=\"new 0 0 64 64\" xml:space=\"preserve\">\r\n<path fill=\"none\" stroke=\"#000000\" stroke-width=\"2\" stroke-miterlimit=\"10\" d=\"M11,48C5.477,48,1,43.523,1,38s4.477-10,10-10h2v20\r\n\tH11z\"\/>\r\n<path fill=\"none\" stroke=\"#000000\" stroke-width=\"2\" stroke-miterlimit=\"10\" d=\"M53,28c5.523,0,10,4.477,10,10s-4.477,10-10,10h-2\r\n\tV28H53z\"\/>\r\n<path fill=\"none\" stroke=\"#000000\" stroke-width=\"2\" stroke-miterlimit=\"10\" d=\"M13,31v-9c0,0,0-16,19-16s19,16,19,16v6\"\/>\r\n<polyline fill=\"none\" stroke=\"#000000\" stroke-width=\"2\" stroke-miterlimit=\"10\" points=\"51,48 51,53 36,59 28,59 28,55 36,55 \r\n\t36,58 \"\/>\r\n<\/svg>\r\n<\/figure><div class=\"ut-service-column ut-vertical\"><h3 data-responsive-font=\"h3\" data-responsive-font-settings=\"{&quot;base-font-size&quot;:&quot;global&quot;,&quot;font-size&quot;:{&quot;desktop_large&quot;:&quot;18&quot;},&quot;base-line-height&quot;:&quot;global&quot;,&quot;base-letter-spacing&quot;:&quot;global&quot;,&quot;letter-spacing&quot;:{&quot;desktop_large&quot;:&quot;-0.01&quot;}}\" class=\"ut-service-column-title element-with-custom-line-height\">Bizi Aray\u0131n<\/h3><p class=\"element-with-custom-line-height\" data-responsive-font=\"p\" data-responsive-font-settings=\"{&quot;base-font-size&quot;:&quot;global&quot;,&quot;font-size&quot;:{&quot;desktop_large&quot;:&quot;14&quot;},&quot;base-line-height&quot;:&quot;global&quot;,&quot;line-height&quot;:{&quot;desktop_large&quot;:&quot;28&quot;},&quot;base-letter-spacing&quot;:&quot;global&quot;}\">+90 532 472 19 53<\/p><\/div><\/div><\/div><div class=\"wpb_content_element  vc_custom_1687769523162\"><style type=\"text\/css\">#ut_scv_69e60f978d4b4 .ut-service-icon i { color: #FFF; }#ut_scv_69e60f978d4b4 .ut-service-icon.ut-service-icon-round { background: rgba(41, 72, 255, 1); }#ut_scv_69e60f978d4b4 .ut-service-icon.ut-service-icon-square { background: rgba(41, 72, 255, 1); }#ut_scv_69e60f978d4b4 .ut-service-icon.ut-service-icon-rounded { background: rgba(41, 72, 255, 1); }#ut_scv_69e60f978d4b4 .ut-service-column.ut-vertical h3 { font-size:18px !important;letter-spacing:-0.01em; }#ut_scv_69e60f978d4b4 .ut-service-column.ut-vertical p { font-size:14px !important;line-height:28px !important; }#ut_scv_69e60f978d4b4 .ut-service-column.ut-vertical p { margin-top: 10px; }#ut_scv_69e60f978d4b4 .ut-service-column.ut-vertical a.ut-service-column-vertical-link { font-size: 12px; }<\/style><div id=\"ut_scv_69e60f978d4b4\" class=\" clearfix  ut-vertical-style ut-vertical-style-align-center\" ><figure  class=\"ut-service-icon ut-service-icon-round ut-service-icon-large ut-service-icon-with-svg\">\t\t\t\r\n\t\t\t<style type=\"text\/css\">\r\n\t\t\t\t\r\n\t\t\t\t\t\t\t\t\r\n\t\t\t\t\t#ut-svg-69e60f978d5dc { display:none; }\r\n\t\t\t\t\t#ut-svg-69e60f978d5dc.ut-svg-loaded { display:block; }\r\n\t\t\t\t\r\n\t\t\t\t\r\n\t\t\t\t#ut-svg-69e60f978d5dc path { stroke: #ffffff; }\r\n\t\t\t\t#ut-svg-69e60f978d5dc line { stroke: #ffffff; }\r\n\t\t\t\t#ut-svg-69e60f978d5dc circle { stroke: #ffffff; }\r\n\t\t\t\t#ut-svg-69e60f978d5dc rect { stroke: #ffffff; }\r\n\t\t\t\t#ut-svg-69e60f978d5dc ellipse { stroke: #ffffff; }\r\n\t\t\t\t#ut-svg-69e60f978d5dc polyline { stroke: #ffffff; }\r\n\t\t\t\t#ut-svg-69e60f978d5dc polygon { stroke: #ffffff; }\r\n\t\t\t\t\r\n\t\t\t\t#ut-svg-69e60f978d5dc [data-name=\"layer1\"] { stroke: #ffffff; }\r\n\t\t\t\t#ut-svg-69e60f978d5dc [data-name=\"layer1\"] path { stroke: #ffffff; }\r\n\t\t\t\t\r\n\t\t\t\t\t\t\t\t\t\t\t\t\r\n\t\t\t\t\t\t\t\t\r\n\r\n\t\t\t<\/style>\r\n\t\t\r\n\t\t\r\n\r\n<svg version=\"1.1\" class=\"ut-vivus-draw\" data-settings=\"{&quot;draw_svg_icons&quot;:&quot;yes&quot;,&quot;draw_svg_type&quot;:&quot;oneByOne&quot;,&quot;draw_svg_delay&quot;:&quot;0&quot;,&quot;draw_svg_duration&quot;:&quot;100&quot;}\" id=\"ut-svg-69e60f978d5dc\" xmlns=\"http:\/\/www.w3.org\/2000\/svg\" xmlns:xlink=\"http:\/\/www.w3.org\/1999\/xlink\" x=\"0px\" y=\"0px\"\r\n\t width=\"64px\" height=\"64px\" viewBox=\"0 0 64 64\" enable-background=\"new 0 0 64 64\" xml:space=\"preserve\">\r\n<rect x=\"1\" y=\"18\" fill=\"none\" stroke=\"#000000\" stroke-width=\"2\" stroke-miterlimit=\"10\" width=\"52\" height=\"32\"\/>\r\n<polyline fill=\"none\" stroke=\"#000000\" stroke-width=\"2\" stroke-miterlimit=\"10\" points=\"9.887,16 9.887,9 63,9 63,41 55,41 \"\/>\r\n<polyline fill=\"none\" stroke=\"#000000\" stroke-width=\"2\" stroke-miterlimit=\"10\" points=\"0.887,18 27,33.062 53,18 \"\/>\r\n<\/svg>\r\n<\/figure><div class=\"ut-service-column ut-vertical\"><h3 data-responsive-font=\"h3\" data-responsive-font-settings=\"{&quot;base-font-size&quot;:&quot;global&quot;,&quot;font-size&quot;:{&quot;desktop_large&quot;:&quot;18&quot;},&quot;base-line-height&quot;:&quot;global&quot;,&quot;base-letter-spacing&quot;:&quot;global&quot;,&quot;letter-spacing&quot;:{&quot;desktop_large&quot;:&quot;-0.01&quot;}}\" class=\"ut-service-column-title element-with-custom-line-height\">Mail At\u0131n<\/h3><p class=\"element-with-custom-line-height\" data-responsive-font=\"p\" data-responsive-font-settings=\"{&quot;base-font-size&quot;:&quot;global&quot;,&quot;font-size&quot;:{&quot;desktop_large&quot;:&quot;14&quot;},&quot;base-line-height&quot;:&quot;global&quot;,&quot;line-height&quot;:{&quot;desktop_large&quot;:&quot;28&quot;},&quot;base-letter-spacing&quot;:&quot;global&quot;}\">info@bambamcreativesolutions.com<\/p><\/div><\/div><\/div>[\/vc_column][\/vc_row][\/vc_section]<\/p>\n","protected":false},"excerpt":{"rendered":"<p>[vc_section css=&#8221;.vc_custom_1527694031773{background-color: #fafafa !important;}&#8221;][vc_row][vc_column][\/vc_column][\/vc_row][\/vc_section][vc_section][vc_row equal_height=&#8221;yes&#8221; content_placement=&#8221;middle&#8221;][vc_column width=&#8221;1\/2&#8243;][\/vc_column][vc_column width=&#8221;1\/2&#8243;][\/vc_column][\/vc_row][\/vc_section]<\/p>\n","protected":false},"author":1,"featured_media":0,"parent":0,"menu_order":0,"comment_status":"closed","ping_status":"closed","template":"","meta":{"footnotes":""},"class_list":["post-7119","page","type-page","status-publish","hentry"],"_links":{"self":[{"href":"https:\/\/bambamcreativesolutions.com\/index.php?rest_route=\/wp\/v2\/pages\/7119","targetHints":{"allow":["GET"]}}],"collection":[{"href":"https:\/\/bambamcreativesolutions.com\/index.php?rest_route=\/wp\/v2\/pages"}],"about":[{"href":"https:\/\/bambamcreativesolutions.com\/index.php?rest_route=\/wp\/v2\/types\/page"}],"author":[{"embeddable":true,"href":"https:\/\/bambamcreativesolutions.com\/index.php?rest_route=\/wp\/v2\/users\/1"}],"replies":[{"embeddable":true,"href":"https:\/\/bambamcreativesolutions.com\/index.php?rest_route=%2Fwp%2Fv2%2Fcomments&post=7119"}],"version-history":[{"count":1,"href":"https:\/\/bambamcreativesolutions.com\/index.php?rest_route=\/wp\/v2\/pages\/7119\/revisions"}],"predecessor-version":[{"id":8075,"href":"https:\/\/bambamcreativesolutions.com\/index.php?rest_route=\/wp\/v2\/pages\/7119\/revisions\/8075"}],"wp:attachment":[{"href":"https:\/\/bambamcreativesolutions.com\/index.php?rest_route=%2Fwp%2Fv2%2Fmedia&parent=7119"}],"curies":[{"name":"wp","href":"https:\/\/api.w.org\/{rel}","templated":true}]}}